{"id":461,"date":"2023-12-01T15:56:35","date_gmt":"2023-12-01T15:56:35","guid":{"rendered":"https:\/\/ablog.gabrielsoman.com\/?page_id=461"},"modified":"2025-07-09T10:45:08","modified_gmt":"2025-07-09T13:45:08","slug":"sobre","status":"publish","type":"page","link":"https:\/\/ano3.com.br\/sitev2\/sobre\/","title":{"rendered":"Sobre"},"content":{"rendered":"\t\t<div data-elementor-type=\"wp-page\" data-elementor-id=\"461\" class=\"elementor elementor-461\" data-elementor-post-type=\"page\">\n\t\t\t\t<div data-particle_enable=\"false\" data-particle-mobile-disabled=\"false\" class=\"elementor-element elementor-element-7eca1cb e-flex e-con-boxed e-con e-parent\" data-id=\"7eca1cb\" data-element_type=\"container\" data-e-type=\"container\">\n\t\t\t\t\t<div class=\"e-con-inner\">\n\t\t<div data-particle_enable=\"false\" data-particle-mobile-disabled=\"false\" class=\"elementor-element elementor-element-de65520 e-con-full e-flex e-con e-child\" data-id=\"de65520\" data-element_type=\"container\" data-e-type=\"container\">\n\t\t\t\t<div class=\"elementor-element elementor-element-40d6082 elementor-widget elementor-widget-image\" data-id=\"40d6082\" data-element_type=\"widget\" data-e-type=\"widget\" data-widget_type=\"image.default\">\n\t\t\t\t<div class=\"elementor-widget-container\">\n\t\t\t\t\t\t\t\t\t\t\t\t\t\t\t<img fetchpriority=\"high\" decoding=\"async\" width=\"640\" height=\"521\" src=\"https:\/\/ano3.com.br\/sitev2\/wp-content\/uploads\/2024\/06\/IMG_2523-scaled-e1718652053554-1024x833.jpg\" class=\"attachment-large size-large wp-image-665\" alt=\"\" srcset=\"https:\/\/ano3.com.br\/sitev2\/wp-content\/uploads\/2024\/06\/IMG_2523-scaled-e1718652053554-1024x833.jpg 1024w, https:\/\/ano3.com.br\/sitev2\/wp-content\/uploads\/2024\/06\/IMG_2523-scaled-e1718652053554-300x244.jpg 300w, https:\/\/ano3.com.br\/sitev2\/wp-content\/uploads\/2024\/06\/IMG_2523-scaled-e1718652053554-768x624.jpg 768w, https:\/\/ano3.com.br\/sitev2\/wp-content\/uploads\/2024\/06\/IMG_2523-scaled-e1718652053554-1536x1249.jpg 1536w, https:\/\/ano3.com.br\/sitev2\/wp-content\/uploads\/2024\/06\/IMG_2523-scaled-e1718652053554.jpg 1920w\" sizes=\"(max-width: 640px) 100vw, 640px\" \/>\t\t\t\t\t\t\t\t\t\t\t\t\t\t\t<\/div>\n\t\t\t\t<\/div>\n\t\t\t\t<\/div>\n\t\t<div data-particle_enable=\"false\" data-particle-mobile-disabled=\"false\" class=\"elementor-element elementor-element-8e65488 e-con-full e-flex e-con e-child\" data-id=\"8e65488\" data-element_type=\"container\" data-e-type=\"container\">\n\t\t\t\t<div class=\"elementor-element elementor-element-84c23cd elementor-widget elementor-widget-heading\" data-id=\"84c23cd\" data-element_type=\"widget\" data-e-type=\"widget\" data-widget_type=\"heading.default\">\n\t\t\t\t<div class=\"elementor-widget-container\">\n\t\t\t\t\t<h2 class=\"elementor-heading-title elementor-size-default\">Como conseguimos os melhores pre\u00e7os?<\/h2>\t\t\t\t<\/div>\n\t\t\t\t<\/div>\n\t\t\t\t<div class=\"elementor-element elementor-element-31a86b92 elementor-widget elementor-widget-text-editor\" data-id=\"31a86b92\" data-element_type=\"widget\" data-e-type=\"widget\" data-widget_type=\"text-editor.default\">\n\t\t\t\t<div class=\"elementor-widget-container\">\n\t\t\t\t\t\t\t\t\t\n<p>Buscamos incessantemente proporcionar a excel\u00eancia aos nossos viajantes. E voc\u00ea pode se perguntar: como a Ano3 Viagens consegue disponibilizar as melhores tarifas e op\u00e7\u00f5es da internet?<\/p>\n\n\n\n<p>Nossa equipe comercial \u00e9 habilmente treinada para efetuar compras com milhas ou atrav\u00e9s do sistema tarifado, sempre dedicando-se a uma pesquisa minuciosa para encontrar a op\u00e7\u00e3o mais vantajosa para a sua viagem, seja ela nacional ou internacional.<\/p>\n\n\n\n<p>Al\u00e9m de proporcionar os pre\u00e7os mais competitivos, nosso compromisso inclui um atendimento e suporte personalizado e humanizado, prontos para auxiliar em tudo que for necess\u00e1rio.<\/p>\n\n\n\n<p><\/p>\n\t\t\t\t\t\t\t\t<\/div>\n\t\t\t\t<\/div>\n\t\t\t\t<\/div>\n\t\t\t\t\t<\/div>\n\t\t\t\t<\/div>\n\t\t<div data-particle_enable=\"false\" data-particle-mobile-disabled=\"false\" class=\"elementor-element elementor-element-940d09a e-flex e-con-boxed e-con e-parent\" data-id=\"940d09a\" data-element_type=\"container\" data-e-type=\"container\">\n\t\t\t\t\t<div class=\"e-con-inner\">\n\t\t<div data-particle_enable=\"false\" data-particle-mobile-disabled=\"false\" class=\"elementor-element elementor-element-bfe2c65 e-con-full e-flex e-con e-child\" data-id=\"bfe2c65\" data-element_type=\"container\" data-e-type=\"container\">\n\t\t\t\t<div class=\"elementor-element elementor-element-061fae6 elementor-widget elementor-widget-heading\" data-id=\"061fae6\" data-element_type=\"widget\" data-e-type=\"widget\" data-widget_type=\"heading.default\">\n\t\t\t\t<div class=\"elementor-widget-container\">\n\t\t\t\t\t<h2 class=\"elementor-heading-title elementor-size-default\">Quem somos<\/h2>\t\t\t\t<\/div>\n\t\t\t\t<\/div>\n\t\t\t\t<div class=\"elementor-element elementor-element-7107c99 elementor-widget elementor-widget-text-editor\" data-id=\"7107c99\" data-element_type=\"widget\" data-e-type=\"widget\" data-widget_type=\"text-editor.default\">\n\t\t\t\t<div class=\"elementor-widget-container\">\n\t\t\t\t\t\t\t\t\t<p><span style=\"color: var( --e-global-color-text ); font-family: var( --e-global-typography-text-font-family ), Sans-serif; font-weight: var( --e-global-typography-text-font-weight ); text-align: var(--text-align);\">A Ano3 Viagens \u00e9 composta por uma equipe com mais de 20 profissionais na cidade de Lajeado\/RS mais in\u00fameros parceiros espalhados por 5 continentes, e todos eles tem um objetivo comum: proporcionar aos viajantes a oportunidade de explorar o mundo.\u00a0<\/span><\/p>\n<p><span style=\"color: var( --e-global-color-text ); font-family: var( --e-global-typography-text-font-family ), Sans-serif; font-weight: var( --e-global-typography-text-font-weight ); text-align: var(--text-align);\">Nosso time de vendas, composto por mais de 10 colaboradores, dedica-se a assegurar que cada viajante receba todo o cuidado e aten\u00e7\u00e3o necess\u00e1rios para sua jornada. Apesar de sermos uma ag\u00eancia online, estamos empenhados em proporcionar um atendimento pr\u00f3ximo e personalizado, semelhante ao oferecido por ag\u00eancias f\u00edsicas.<\/span><\/p>\n<p><!-- \/wp:paragraph --><\/p>\n<p><!-- wp:paragraph --><\/p>\n<p><!-- \/wp:paragraph --><\/p>\t\t\t\t\t\t\t\t<\/div>\n\t\t\t\t<\/div>\n\t\t\t\t<\/div>\n\t\t<div data-particle_enable=\"false\" data-particle-mobile-disabled=\"false\" class=\"elementor-element elementor-element-1de2c5c e-con-full e-flex e-con e-child\" data-id=\"1de2c5c\" data-element_type=\"container\" data-e-type=\"container\">\n\t\t\t\t<div class=\"elementor-element elementor-element-0122afa elementor-widget elementor-widget-image\" data-id=\"0122afa\" data-element_type=\"widget\" data-e-type=\"widget\" data-widget_type=\"image.default\">\n\t\t\t\t<div class=\"elementor-widget-container\">\n\t\t\t\t\t\t\t\t\t\t\t\t\t\t\t<img decoding=\"async\" width=\"300\" height=\"300\" src=\"https:\/\/ano3.com.br\/sitev2\/wp-content\/uploads\/2025\/07\/60558dce-39da-4298-bb35-4e61b91a3ab0-300x300.png\" class=\"attachment-medium size-medium wp-image-734\" alt=\"\" srcset=\"https:\/\/ano3.com.br\/sitev2\/wp-content\/uploads\/2025\/07\/60558dce-39da-4298-bb35-4e61b91a3ab0-300x300.png 300w, https:\/\/ano3.com.br\/sitev2\/wp-content\/uploads\/2025\/07\/60558dce-39da-4298-bb35-4e61b91a3ab0-150x150.png 150w, https:\/\/ano3.com.br\/sitev2\/wp-content\/uploads\/2025\/07\/60558dce-39da-4298-bb35-4e61b91a3ab0-768x768.png 768w, https:\/\/ano3.com.br\/sitev2\/wp-content\/uploads\/2025\/07\/60558dce-39da-4298-bb35-4e61b91a3ab0.png 872w\" sizes=\"(max-width: 300px) 100vw, 300px\" \/>\t\t\t\t\t\t\t\t\t\t\t\t\t\t\t<\/div>\n\t\t\t\t<\/div>\n\t\t\t\t<\/div>\n\t\t\t\t\t<\/div>\n\t\t\t\t<\/div>\n\t\t<div data-particle_enable=\"false\" data-particle-mobile-disabled=\"false\" class=\"elementor-element elementor-element-9f6d01c e-flex e-con-boxed e-con e-parent\" data-id=\"9f6d01c\" data-element_type=\"container\" data-e-type=\"container\">\n\t\t\t\t\t<div class=\"e-con-inner\">\n\t\t<div data-particle_enable=\"false\" data-particle-mobile-disabled=\"false\" class=\"elementor-element elementor-element-3234608 e-con-full e-flex e-con e-child\" data-id=\"3234608\" data-element_type=\"container\" data-e-type=\"container\">\n\t\t\t\t<div class=\"elementor-element elementor-element-851b8c5 elementor-widget elementor-widget-heading\" data-id=\"851b8c5\" data-element_type=\"widget\" data-e-type=\"widget\" data-widget_type=\"heading.default\">\n\t\t\t\t<div class=\"elementor-widget-container\">\n\t\t\t\t\t<h2 class=\"elementor-heading-title elementor-size-default\">Hist\u00f3ria da empresa<\/h2>\t\t\t\t<\/div>\n\t\t\t\t<\/div>\n\t\t\t\t<div class=\"elementor-element elementor-element-8a0fd87 elementor-widget elementor-widget-text-editor\" data-id=\"8a0fd87\" data-element_type=\"widget\" data-e-type=\"widget\" data-widget_type=\"text-editor.default\">\n\t\t\t\t<div class=\"elementor-widget-container\">\n\t\t\t\t\t\t\t\t\t<p><!-- wp:paragraph --><\/p>\n<p><span style=\"text-align: var(--text-align);\">Fundada no in\u00edcio de 2021 por Simone Boni e Tiago Johann, a Ano3 Viagens estava sendo idealizada desde 2020, quando o casal identificou uma excelente oportunidade no mercado de passagens a\u00e9reas para imigrantes que buscavam visitar a fam\u00edlia ou recome\u00e7ar a vida em outro pa\u00eds devido \u00e0 pandemia de COVID-19.<\/span><\/p>\n<p><span style=\"text-align: var(--text-align);\">Tudo come\u00e7ou no apartamento do casal, juntamente com um colaborador, implementando uma pol\u00edtica de pre\u00e7os competitivos aliada a um servi\u00e7o de excel\u00eancia. Afinal, o viajante imigrante necessita de cuidado e aten\u00e7\u00e3o para realizar sua viagem com tranquilidade.<\/span><\/p>\n<p><!-- \/wp:paragraph --><\/p>\n<p><!-- wp:paragraph --><\/p>\n<p><!-- \/wp:paragraph --><\/p>\t\t\t\t\t\t\t\t<\/div>\n\t\t\t\t<\/div>\n\t\t\t\t<\/div>\n\t\t<div data-particle_enable=\"false\" data-particle-mobile-disabled=\"false\" class=\"elementor-element elementor-element-6ac09f6 e-con-full e-flex e-con e-child\" data-id=\"6ac09f6\" data-element_type=\"container\" data-e-type=\"container\">\n\t\t\t\t<div class=\"elementor-element elementor-element-3266748 elementor-widget elementor-widget-text-editor\" data-id=\"3266748\" data-element_type=\"widget\" data-e-type=\"widget\" data-widget_type=\"text-editor.default\">\n\t\t\t\t<div class=\"elementor-widget-container\">\n\t\t\t\t\t\t\t\t\t<p><span style=\"text-align: var(--text-align);\">N\u00e3o demorou muito para a Ano3 Viagens expandir tamb\u00e9m para o mercado de turismo nacional e internacional. Logo, passou a oferecer n\u00e3o apenas passagens a\u00e9reas, mas tamb\u00e9m hot\u00e9is, traslados, acesso a parques e uma variedade de outros servi\u00e7os voltados n\u00e3o somente ao turismo, mas tamb\u00e9m no setor corporativo e viagens de grupo.<\/span><\/p>\n<p>Atualmente, a ag\u00eancia conta com aproximadamente 30 colaboradores e tem sede na cidade de Lajeado\/RS. Al\u00e9m disso, possui parceiros de neg\u00f3cios em S\u00e3o Paulo, Dubai, Medell\u00edn (Col\u00f4mbia) e Braga (Portugal), assegurando um atendimento otimizado para seus diversos p\u00fablicos.<\/p>\n<p>E desde 2024, dois novos s\u00f3cios entraram para o time, a gerente comercial Carolina Luiza da Silva e o empres\u00e1rio Michell Felipe Carvalho, para somar na equipe e elevar ainda mais a qualidade dos servi\u00e7os da Ano3.<\/p>\n<p><!-- \/wp:paragraph --><\/p>\n<p><!-- wp:paragraph --><\/p>\n<p><!-- \/wp:paragraph --><\/p>\t\t\t\t\t\t\t\t<\/div>\n\t\t\t\t<\/div>\n\t\t\t\t<\/div>\n\t\t\t\t\t<\/div>\n\t\t\t\t<\/div>\n\t\t<div data-particle_enable=\"false\" data-particle-mobile-disabled=\"false\" class=\"elementor-element elementor-element-98d2f56 e-flex e-con-boxed e-con e-parent\" data-id=\"98d2f56\" data-element_type=\"container\" data-e-type=\"container\">\n\t\t\t\t\t<div class=\"e-con-inner\">\n\t\t<div data-particle_enable=\"false\" data-particle-mobile-disabled=\"false\" class=\"elementor-element elementor-element-89025b6 e-con-full e-flex e-con e-child\" data-id=\"89025b6\" data-element_type=\"container\" data-e-type=\"container\">\n\t\t\t\t<div class=\"elementor-element elementor-element-681780f elementor-widget elementor-widget-image\" data-id=\"681780f\" data-element_type=\"widget\" data-e-type=\"widget\" data-widget_type=\"image.default\">\n\t\t\t\t<div class=\"elementor-widget-container\">\n\t\t\t\t\t\t\t\t\t\t\t\t\t\t\t<img decoding=\"async\" width=\"640\" height=\"436\" src=\"https:\/\/ano3.com.br\/sitev2\/wp-content\/uploads\/2023\/11\/cde632_1a3bdcf1b3b7473884e2f574eed970f0mv2.webp\" class=\"attachment-large size-large wp-image-261\" alt=\"\" srcset=\"https:\/\/ano3.com.br\/sitev2\/wp-content\/uploads\/2023\/11\/cde632_1a3bdcf1b3b7473884e2f574eed970f0mv2.webp 818w, https:\/\/ano3.com.br\/sitev2\/wp-content\/uploads\/2023\/11\/cde632_1a3bdcf1b3b7473884e2f574eed970f0mv2-600x409.webp 600w, https:\/\/ano3.com.br\/sitev2\/wp-content\/uploads\/2023\/11\/cde632_1a3bdcf1b3b7473884e2f574eed970f0mv2-300x204.webp 300w, https:\/\/ano3.com.br\/sitev2\/wp-content\/uploads\/2023\/11\/cde632_1a3bdcf1b3b7473884e2f574eed970f0mv2-768x523.webp 768w\" sizes=\"(max-width: 640px) 100vw, 640px\" \/>\t\t\t\t\t\t\t\t\t\t\t\t\t\t\t<\/div>\n\t\t\t\t<\/div>\n\t\t\t\t<\/div>\n\t\t<div data-particle_enable=\"false\" data-particle-mobile-disabled=\"false\" class=\"elementor-element elementor-element-88deb0d e-con-full e-flex e-con e-child\" data-id=\"88deb0d\" data-element_type=\"container\" data-e-type=\"container\">\n\t\t\t\t<div class=\"elementor-element elementor-element-ff4af23 elementor-widget elementor-widget-heading\" data-id=\"ff4af23\" data-element_type=\"widget\" data-e-type=\"widget\" data-widget_type=\"heading.default\">\n\t\t\t\t<div class=\"elementor-widget-container\">\n\t\t\t\t\t<h2 class=\"elementor-heading-title elementor-size-default\">Simone Boni<\/h2>\t\t\t\t<\/div>\n\t\t\t\t<\/div>\n\t\t\t\t<div class=\"elementor-element elementor-element-986a2bc elementor-widget elementor-widget-text-editor\" data-id=\"986a2bc\" data-element_type=\"widget\" data-e-type=\"widget\" data-widget_type=\"text-editor.default\">\n\t\t\t\t<div class=\"elementor-widget-container\">\n\t\t\t\t\t\t\t\t\t<p>Diretora<\/p>\t\t\t\t\t\t\t\t<\/div>\n\t\t\t\t<\/div>\n\t\t\t\t<div class=\"elementor-element elementor-element-330b488 elementor-widget elementor-widget-text-editor\" data-id=\"330b488\" data-element_type=\"widget\" data-e-type=\"widget\" data-widget_type=\"text-editor.default\">\n\t\t\t\t<div class=\"elementor-widget-container\">\n\t\t\t\t\t\t\t\t\t<!-- wp:paragraph -->\n<p>Com uma forma\u00e7\u00e3o em Engenharia de Alimentos e um mestrado em Inova\u00e7\u00e3o e Criatividade, Simone Boni acumulou 20 anos de experi\u00eancia na ind\u00fastria de chocolates. No entanto, o amor pelas viagens, que inicialmente ocorriam uma vez por ano, crescia a cada dia.<\/p>\n<p>O desejo inicial de realizar tr\u00eas viagens anuais acabou por se transformar em uma nova voca\u00e7\u00e3o. Al\u00e9m de desfrutar das pr\u00f3prias viagens, organizar experi\u00eancias para outras pessoas tornou-se uma verdadeira paix\u00e3o.<\/p>\n<p>Para Simone, &#8220;viajar expande horizontes, cria viv\u00eancias e mem\u00f3rias duradouras. S\u00e3o essas experi\u00eancias que compartilhamos com as pessoas que amamos!&#8221;<\/p>\n<!-- \/wp:paragraph -->\t\t\t\t\t\t\t\t<\/div>\n\t\t\t\t<\/div>\n\t\t\t\t<\/div>\n\t\t\t\t\t<\/div>\n\t\t\t\t<\/div>\n\t\t<div data-particle_enable=\"false\" data-particle-mobile-disabled=\"false\" class=\"elementor-element elementor-element-43dbdb2 e-flex e-con-boxed e-con e-parent\" data-id=\"43dbdb2\" data-element_type=\"container\" data-e-type=\"container\">\n\t\t\t\t\t<div class=\"e-con-inner\">\n\t\t<div data-particle_enable=\"false\" data-particle-mobile-disabled=\"false\" class=\"elementor-element elementor-element-86180a9 e-con-full e-flex e-con e-child\" data-id=\"86180a9\" data-element_type=\"container\" data-e-type=\"container\">\n\t\t\t\t<div class=\"elementor-element elementor-element-74290e0 elementor-widget elementor-widget-heading\" data-id=\"74290e0\" data-element_type=\"widget\" data-e-type=\"widget\" data-widget_type=\"heading.default\">\n\t\t\t\t<div class=\"elementor-widget-container\">\n\t\t\t\t\t<h2 class=\"elementor-heading-title elementor-size-default\">Tiago Johann<\/h2>\t\t\t\t<\/div>\n\t\t\t\t<\/div>\n\t\t\t\t<div class=\"elementor-element elementor-element-a171a09 elementor-widget elementor-widget-text-editor\" data-id=\"a171a09\" data-element_type=\"widget\" data-e-type=\"widget\" data-widget_type=\"text-editor.default\">\n\t\t\t\t<div class=\"elementor-widget-container\">\n\t\t\t\t\t\t\t\t\t<p>Diretor<\/p>\t\t\t\t\t\t\t\t<\/div>\n\t\t\t\t<\/div>\n\t\t\t\t<div class=\"elementor-element elementor-element-cb0e6e7 elementor-widget elementor-widget-text-editor\" data-id=\"cb0e6e7\" data-element_type=\"widget\" data-e-type=\"widget\" data-widget_type=\"text-editor.default\">\n\t\t\t\t<div class=\"elementor-widget-container\">\n\t\t\t\t\t\t\t\t\t<!-- wp:paragraph -->\n<p>De origem humilde, Tiago iniciou sua trajet\u00f3ria profissional aos 12 anos, distribuindo panfletos em Lajeado\/RS, e aos 16, ingressou no setor de supermercados da cidade. Avan\u00e7ando nas fileiras da empresa, ele tomou a decis\u00e3o de empreender. Atualmente, al\u00e9m da Ano3 Viagens, Tiago \u00e9 empreendedor em diversos outros setores.<\/p>\n<p>Sua miss\u00e3o de vida est\u00e1 centrada em auxiliar e promover o desenvolvimento das pessoas, fundamentada no princ\u00edpio que preconiza &#8220;amar a Deus sobre todas as coisas e o pr\u00f3ximo como a si mesmo&#8221;. Para al\u00e9m dos empreendimentos, Tiago \u00e9 pai de dois filhos, pastor e presidente do Instituto Amo, uma institui\u00e7\u00e3o que presta assist\u00eancia a crian\u00e7as carentes em Bom Retiro do Sul\/RS.<\/p>\n<!-- \/wp:paragraph --><!-- wp:paragraph -->\n<p>\u00a0<\/p>\n<!-- \/wp:paragraph -->\t\t\t\t\t\t\t\t<\/div>\n\t\t\t\t<\/div>\n\t\t\t\t<\/div>\n\t\t<div data-particle_enable=\"false\" data-particle-mobile-disabled=\"false\" class=\"elementor-element elementor-element-3a52044 e-con-full e-flex e-con e-child\" data-id=\"3a52044\" data-element_type=\"container\" data-e-type=\"container\">\n\t\t\t\t<div class=\"elementor-element elementor-element-f7b0a91 elementor-widget elementor-widget-image\" data-id=\"f7b0a91\" data-element_type=\"widget\" data-e-type=\"widget\" data-widget_type=\"image.default\">\n\t\t\t\t<div class=\"elementor-widget-container\">\n\t\t\t\t\t\t\t\t\t\t\t\t\t\t\t<img loading=\"lazy\" decoding=\"async\" width=\"640\" height=\"412\" src=\"https:\/\/ano3.com.br\/sitev2\/wp-content\/uploads\/2023\/12\/cde632_75f0349d0bb5484a9e84347f14f35e2dmv2.webp\" class=\"attachment-large size-large wp-image-475\" alt=\"\" srcset=\"https:\/\/ano3.com.br\/sitev2\/wp-content\/uploads\/2023\/12\/cde632_75f0349d0bb5484a9e84347f14f35e2dmv2.webp 876w, https:\/\/ano3.com.br\/sitev2\/wp-content\/uploads\/2023\/12\/cde632_75f0349d0bb5484a9e84347f14f35e2dmv2-300x193.webp 300w, https:\/\/ano3.com.br\/sitev2\/wp-content\/uploads\/2023\/12\/cde632_75f0349d0bb5484a9e84347f14f35e2dmv2-768x494.webp 768w\" sizes=\"(max-width: 640px) 100vw, 640px\" \/>\t\t\t\t\t\t\t\t\t\t\t\t\t\t\t<\/div>\n\t\t\t\t<\/div>\n\t\t\t\t<\/div>\n\t\t\t\t\t<\/div>\n\t\t\t\t<\/div>\n\t\t<div data-particle_enable=\"false\" data-particle-mobile-disabled=\"false\" class=\"elementor-element elementor-element-264a95e e-flex e-con-boxed e-con e-parent\" data-id=\"264a95e\" data-element_type=\"container\" data-e-type=\"container\">\n\t\t\t\t\t<div class=\"e-con-inner\">\n\t\t\t\t<div class=\"elementor-element elementor-element-f6477bc elementor-align-center elementor-widget elementor-widget-button\" data-id=\"f6477bc\" data-element_type=\"widget\" data-e-type=\"widget\" data-widget_type=\"button.default\">\n\t\t\t\t<div class=\"elementor-widget-container\">\n\t\t\t\t\t\t\t\t\t<div class=\"elementor-button-wrapper\">\n\t\t\t\t\t<a class=\"elementor-button elementor-button-link elementor-size-xl\" href=\"https:\/\/api.whatsapp.com\/send?phone=555140642732\">\n\t\t\t\t\t\t<span class=\"elementor-button-content-wrapper\">\n\t\t\t\t\t\t\t\t\t<span class=\"elementor-button-text\">Quero planejar minha pr\u00f3xima viagem com a Ano3<\/span>\n\t\t\t\t\t<\/span>\n\t\t\t\t\t<\/a>\n\t\t\t\t<\/div>\n\t\t\t\t\t\t\t\t<\/div>\n\t\t\t\t<\/div>\n\t\t\t\t\t<\/div>\n\t\t\t\t<\/div>\n\t\t\t\t<\/div>\n\t\t","protected":false},"excerpt":{"rendered":"<p>Como conseguimos os melhores pre\u00e7os? Buscamos incessantemente proporcionar a excel\u00eancia aos nossos viajantes. E voc\u00ea pode se perguntar: como a Ano3 Viagens consegue disponibilizar as melhores tarifas e op\u00e7\u00f5es da internet? Nossa equipe comercial \u00e9 habilmente treinada para efetuar compras com milhas ou atrav\u00e9s do sistema tarifado, sempre dedicando-se a uma pesquisa minuciosa para encontrar [&hellip;]<\/p>\n","protected":false},"author":2,"featured_media":0,"parent":0,"menu_order":0,"comment_status":"closed","ping_status":"closed","template":"","meta":{"_acf_changed":false,"footnotes":""},"class_list":["post-461","page","type-page","status-publish","hentry"],"acf":[],"_links":{"self":[{"href":"https:\/\/ano3.com.br\/sitev2\/wp-json\/wp\/v2\/pages\/461","targetHints":{"allow":["GET"]}}],"collection":[{"href":"https:\/\/ano3.com.br\/sitev2\/wp-json\/wp\/v2\/pages"}],"about":[{"href":"https:\/\/ano3.com.br\/sitev2\/wp-json\/wp\/v2\/types\/page"}],"author":[{"embeddable":true,"href":"https:\/\/ano3.com.br\/sitev2\/wp-json\/wp\/v2\/users\/2"}],"replies":[{"embeddable":true,"href":"https:\/\/ano3.com.br\/sitev2\/wp-json\/wp\/v2\/comments?post=461"}],"version-history":[{"count":33,"href":"https:\/\/ano3.com.br\/sitev2\/wp-json\/wp\/v2\/pages\/461\/revisions"}],"predecessor-version":[{"id":737,"href":"https:\/\/ano3.com.br\/sitev2\/wp-json\/wp\/v2\/pages\/461\/revisions\/737"}],"wp:attachment":[{"href":"https:\/\/ano3.com.br\/sitev2\/wp-json\/wp\/v2\/media?parent=461"}],"curies":[{"name":"wp","href":"https:\/\/api.w.org\/{rel}","templated":true}]}}